{"id":76,"date":"2020-10-22T11:18:30","date_gmt":"2020-10-22T09:18:30","guid":{"rendered":"https:\/\/bodelschwingschulemunster.wordpress.com\/?page_id=76"},"modified":"2024-08-22T12:31:13","modified_gmt":"2024-08-22T11:31:13","slug":"unser-leitbild","status":"publish","type":"page","link":"https:\/\/www.bodelschwingh-muenster.de\/?page_id=76","title":{"rendered":"Unser Leitbild"},"content":{"rendered":"\n<div class=\"wp-block-columns is-layout-flex wp-container-core-columns-is-layout-9d6595d7 wp-block-columns-is-layout-flex\">\n<div class=\"wp-block-column is-layout-flow wp-block-column-is-layout-flow\"><div class=\"wp-block-image\">\n<figure class=\"alignleft size-full\"><img loading=\"lazy\" decoding=\"async\" width=\"141\" height=\"283\" src=\"https:\/\/www.bodelschwingh-muenster.de\/wp-content\/uploads\/2021\/12\/bodel-rot.jpg\" alt=\"\" class=\"wp-image-1208\"\/><\/figure>\n<\/div><\/div>\n\n\n\n<div class=\"wp-block-column is-layout-flow wp-block-column-is-layout-flow\">\n<p><\/p>\n\n\n\n<p><\/p>\n\n\n\n<h2 class=\"wp-block-heading\">achtsam<\/h2>\n\n\n\n<h2 class=\"wp-block-heading\">gemeinschaftlich<\/h2>\n\n\n\n<h2 class=\"has-text-align-left wp-block-heading\">vielf\u00e4ltig<\/h2>\n<\/div>\n<\/div>\n\n\n\n<div class=\"wp-block-columns is-layout-flex wp-container-core-columns-is-layout-9d6595d7 wp-block-columns-is-layout-flex\">\n<div class=\"wp-block-column is-layout-flow wp-block-column-is-layout-flow\">\n<p><\/p>\n\n\n\n<p><\/p>\n\n\n\n<p><\/p>\n\n\n\n<h2 class=\"wp-block-heading\">ermutigend<\/h2>\n\n\n\n<h2 class=\"wp-block-heading\">selbstst\u00e4ndig<\/h2>\n\n\n\n<h2 class=\"wp-block-heading\">selbstbewusst<\/h2>\n\n\n\n<p><\/p>\n<\/div>\n\n\n\n<div class=\"wp-block-column is-layout-flow wp-block-column-is-layout-flow\">\n<figure class=\"wp-block-image size-full is-resized\"><img loading=\"lazy\" decoding=\"async\" src=\"https:\/\/www.bodelschwingh-muenster.de\/wp-content\/uploads\/2021\/12\/bodel-gelb.jpg\" alt=\"\" class=\"wp-image-1205\" width=\"148\" height=\"297\"\/><\/figure>\n<\/div>\n<\/div>\n\n\n\n<div class=\"wp-block-columns is-layout-flex wp-container-core-columns-is-layout-9d6595d7 wp-block-columns-is-layout-flex\">\n<div class=\"wp-block-column is-layout-flow wp-block-column-is-layout-flow\">\n<figure class=\"wp-block-image size-full\"><img loading=\"lazy\" decoding=\"async\" width=\"141\" height=\"283\" src=\"https:\/\/www.bodelschwingh-muenster.de\/wp-content\/uploads\/2021\/12\/bodel-dunkelblau.jpg\" alt=\"\" class=\"wp-image-1204\"\/><\/figure>\n<\/div>\n\n\n\n<div class=\"wp-block-column is-layout-flow wp-block-column-is-layout-flow\">\n<p><\/p>\n\n\n\n<p><\/p>\n\n\n\n<h2 class=\"wp-block-heading\">aufgeschlossen<\/h2>\n\n\n\n<h2 class=\"wp-block-heading\">zukunftsoffen<\/h2>\n\n\n\n<h2 class=\"wp-block-heading\">innovativ<\/h2>\n\n\n\n<h2 class=\"wp-block-heading\"><br>&nbsp;<\/h2>\n<\/div>\n<\/div>\n\n\n\n<div class=\"wp-block-columns is-layout-flex wp-container-core-columns-is-layout-9d6595d7 wp-block-columns-is-layout-flex\">\n<div class=\"wp-block-column is-layout-flow wp-block-column-is-layout-flow\">\n<p><\/p>\n\n\n\n<p><\/p>\n\n\n\n<p><\/p>\n\n\n\n<h2 class=\"wp-block-heading\">\u00f6kologisch<\/h2>\n\n\n\n<h2 class=\"wp-block-heading\">bewegt<\/h2>\n\n\n\n<h2 class=\"wp-block-heading\">nachhaltig<\/h2>\n<\/div>\n\n\n\n<div class=\"wp-block-column is-layout-flow wp-block-column-is-layout-flow\">\n<figure class=\"wp-block-image size-full\"><img loading=\"lazy\" decoding=\"async\" width=\"141\" height=\"283\" src=\"https:\/\/www.bodelschwingh-muenster.de\/wp-content\/uploads\/2021\/12\/bodel-gruen.jpg\" alt=\"\" class=\"wp-image-1206\"\/><\/figure>\n<\/div>\n<\/div>\n\n\n\n<div class=\"wp-block-columns is-layout-flex wp-container-core-columns-is-layout-9d6595d7 wp-block-columns-is-layout-flex\">\n<div class=\"wp-block-column is-layout-flow wp-block-column-is-layout-flow\">\n<figure class=\"wp-block-image size-full\"><img loading=\"lazy\" decoding=\"async\" width=\"141\" height=\"283\" src=\"https:\/\/www.bodelschwingh-muenster.de\/wp-content\/uploads\/2021\/12\/bodel-hellblau.jpg\" alt=\"\" class=\"wp-image-1207\"\/><\/figure>\n<\/div>\n\n\n\n<div class=\"wp-block-column is-layout-flow wp-block-column-is-layout-flow\">\n<p><\/p>\n\n\n\n<p><\/p>\n\n\n\n<h2 class=\"wp-block-heading\">weltoffen<\/h2>\n\n\n\n<h2 class=\"wp-block-heading\">interkulturell<\/h2>\n\n\n\n<h2 class=\"wp-block-heading\">europ\u00e4isch<\/h2>\n<\/div>\n<\/div>\n\n\n\n<div data-wp-interactive=\"core\/file\" class=\"wp-block-file\"><object data-wp-bind--hidden=\"!state.hasPdfPreview\" hidden class=\"wp-block-file__embed\" data=\"https:\/\/www.bodelschwingh-muenster.de\/wp-content\/uploads\/2024\/08\/Leitbild-BSS-UEberblick.pdf\" type=\"application\/pdf\" style=\"width:100%;height:600px\" aria-label=\"Einbettung von Leitbild-BSS-UEberblick.\"><\/object><a id=\"wp-block-file--media-62ab91e7-15f2-40d1-8d03-680611022138\" href=\"https:\/\/www.bodelschwingh-muenster.de\/wp-content\/uploads\/2024\/08\/Leitbild-BSS-UEberblick.pdf\">Leitbild-BSS-UEberblick<\/a><a href=\"https:\/\/www.bodelschwingh-muenster.de\/wp-content\/uploads\/2024\/08\/Leitbild-BSS-UEberblick.pdf\" class=\"wp-block-file__button wp-element-button\" download aria-describedby=\"wp-block-file--media-62ab91e7-15f2-40d1-8d03-680611022138\">Herunterladen<\/a><\/div>\n","protected":false},"excerpt":{"rendered":"<p>achtsam gemeinschaftlich vielf\u00e4ltig ermutigend selbstst\u00e4ndig selbstbewusst aufgeschlossen zukunftsoffen innovativ &nbsp; \u00f6kologisch bewegt nachhaltig weltoffen interkulturell europ\u00e4isch<\/p>\n","protected":false},"author":2,"featured_media":0,"parent":0,"menu_order":0,"comment_status":"closed","ping_status":"closed","template":"","meta":{"footnotes":""},"class_list":["post-76","page","type-page","status-publish","hentry"],"_links":{"self":[{"href":"https:\/\/www.bodelschwingh-muenster.de\/index.php?rest_route=\/wp\/v2\/pages\/76","targetHints":{"allow":["GET"]}}],"collection":[{"href":"https:\/\/www.bodelschwingh-muenster.de\/index.php?rest_route=\/wp\/v2\/pages"}],"about":[{"href":"https:\/\/www.bodelschwingh-muenster.de\/index.php?rest_route=\/wp\/v2\/types\/page"}],"author":[{"embeddable":true,"href":"https:\/\/www.bodelschwingh-muenster.de\/index.php?rest_route=\/wp\/v2\/users\/2"}],"replies":[{"embeddable":true,"href":"https:\/\/www.bodelschwingh-muenster.de\/index.php?rest_route=%2Fwp%2Fv2%2Fcomments&post=76"}],"version-history":[{"count":27,"href":"https:\/\/www.bodelschwingh-muenster.de\/index.php?rest_route=\/wp\/v2\/pages\/76\/revisions"}],"predecessor-version":[{"id":2552,"href":"https:\/\/www.bodelschwingh-muenster.de\/index.php?rest_route=\/wp\/v2\/pages\/76\/revisions\/2552"}],"wp:attachment":[{"href":"https:\/\/www.bodelschwingh-muenster.de\/index.php?rest_route=%2Fwp%2Fv2%2Fmedia&parent=76"}],"curies":[{"name":"wp","href":"https:\/\/api.w.org\/{rel}","templated":true}]}}