{"id":592,"date":"2021-02-19T20:10:41","date_gmt":"2021-02-19T19:10:41","guid":{"rendered":"https:\/\/www.bodelschwingh-muenster.de\/?page_id=592"},"modified":"2022-03-31T12:35:51","modified_gmt":"2022-03-31T11:35:51","slug":"sportabzeichen","status":"publish","type":"page","link":"https:\/\/www.bodelschwingh-muenster.de\/?page_id=592","title":{"rendered":"Sportabzeichen"},"content":{"rendered":"\n<p class=\"has-large-font-size\"><strong>2022<\/strong><\/p>\n\n\n\n<ol class=\"has-medium-font-size wp-block-list\"><li><strong>Platz beim Sportabzeichenwettbewerb 2022<\/strong><\/li><\/ol>\n\n\n\n<p>Stellvertretend f\u00fcr alle Sch\u00fclerinnen und Sch\u00fcler der Bodelschwinghschule haben die Sch\u00fclersprecherin Marlene Adames und der Sch\u00fclersprecher Eric Neeb am 21.04.2022 den Pokal, einen Gutschein von 600,- Euro und eine Urkunde \u00fcberreicht bekommen. Insgesamt haben 86.9% aller Sch\u00fclerinnen und Sch\u00fcler der Bodelschwinghschule das Sportabzeichen geschafft. <\/p>\n\n\n\n<figure class=\"wp-block-image size-large is-resized is-style-default\"><img loading=\"lazy\" decoding=\"async\" src=\"https:\/\/www.bodelschwingh-muenster.de\/wp-content\/uploads\/2022\/03\/B57B47A0-2C0F-4173-B268-266E3ED5E46C-003-1024x768.jpeg\" alt=\"\" class=\"wp-image-1514\" width=\"512\" height=\"384\" srcset=\"https:\/\/www.bodelschwingh-muenster.de\/wp-content\/uploads\/2022\/03\/B57B47A0-2C0F-4173-B268-266E3ED5E46C-003-1024x768.jpeg 1024w, https:\/\/www.bodelschwingh-muenster.de\/wp-content\/uploads\/2022\/03\/B57B47A0-2C0F-4173-B268-266E3ED5E46C-003-300x225.jpeg 300w, https:\/\/www.bodelschwingh-muenster.de\/wp-content\/uploads\/2022\/03\/B57B47A0-2C0F-4173-B268-266E3ED5E46C-003-768x576.jpeg 768w, https:\/\/www.bodelschwingh-muenster.de\/wp-content\/uploads\/2022\/03\/B57B47A0-2C0F-4173-B268-266E3ED5E46C-003-1536x1152.jpeg 1536w, https:\/\/www.bodelschwingh-muenster.de\/wp-content\/uploads\/2022\/03\/B57B47A0-2C0F-4173-B268-266E3ED5E46C-003-2048x1536.jpeg 2048w\" sizes=\"auto, (max-width: 512px) 100vw, 512px\" \/><\/figure>\n\n\n\n<h1 class=\"wp-block-heading\"><strong>2014<\/strong><\/h1>\n\n\n\n<h3 class=\"wp-block-heading\"><strong>1. Platz beim Sportabzeichenwettbewerb 2014<\/strong><\/h3>\n\n\n\n<p>Das Sch\u00fclerparlament freut sich stellvertretend f\u00fcr alle M\u00e4dchen und Jungen der Bodelschwinghschule \u00fcber den ersten Platz beim Sportabzeichenwettbewerb der Schulen M\u00fcnsters.<\/p>\n\n\n\n<p><strong>71% der Jungen und M\u00e4dchen der Schule haben das Sportabzeichen geschafft.<\/strong>&nbsp;Als zus\u00e4tzliche Belohnung l\u00f6sen der Ball, die Urkunde und die von der Sparkasse gestifteten 600 \u20ac gro\u00dfe Begeisterung aus. Die Kinder sammeln nun Ideen, wof\u00fcr das Geld ausgegeben werden soll.<\/p>\n\n\n\n<figure class=\"wp-block-image size-large\"><img loading=\"lazy\" decoding=\"async\" width=\"600\" height=\"450\" src=\"https:\/\/www.bodelschwingh-muenster.de\/wp-content\/uploads\/2021\/02\/bodelschwingh_sportabzeichen_2014.jpg\" alt=\"\" class=\"wp-image-593\" srcset=\"https:\/\/www.bodelschwingh-muenster.de\/wp-content\/uploads\/2021\/02\/bodelschwingh_sportabzeichen_2014.jpg 600w, https:\/\/www.bodelschwingh-muenster.de\/wp-content\/uploads\/2021\/02\/bodelschwingh_sportabzeichen_2014-300x225.jpg 300w\" sizes=\"auto, (max-width: 600px) 100vw, 600px\" \/><\/figure>\n\n\n\n<hr class=\"wp-block-separator\"\/>\n\n\n\n<p>Am 6. M\u00e4rz 2014 wurde die Bodelschwinghschule als&nbsp;<strong>erfolgreichste Schule beim Sportabzeichen Wettbewerb im Bereich der Grundschulen M\u00fcnsters<\/strong>&nbsp;geehrt.&nbsp;<strong>83% der Sch\u00fclerinnen und Sch\u00fcler haben das Sportabzeichen geschafft!<\/strong>&nbsp;Darauf sind alle stolz und freuen sich nicht nur \u00fcber ihre Leistungen, sondern auch \u00fcber die Auszeichnung und die Pr\u00e4mie von 600 \u20ac. Das Sch\u00fclerparlament ber\u00e4t nun dar\u00fcber wie und f\u00fcr was das Preisgeld ausgegeben werden soll.<\/p>\n\n\n\n<div class=\"wp-block-image\"><figure class=\"aligncenter size-large\"><img loading=\"lazy\" decoding=\"async\" width=\"320\" height=\"240\" src=\"https:\/\/www.bodelschwingh-muenster.de\/wp-content\/uploads\/2021\/02\/sportabzeichen.png\" alt=\"\" class=\"wp-image-595\" srcset=\"https:\/\/www.bodelschwingh-muenster.de\/wp-content\/uploads\/2021\/02\/sportabzeichen.png 320w, https:\/\/www.bodelschwingh-muenster.de\/wp-content\/uploads\/2021\/02\/sportabzeichen-300x225.png 300w\" sizes=\"auto, (max-width: 320px) 100vw, 320px\" \/><\/figure><\/div>\n\n\n\n<hr class=\"wp-block-separator\"\/>\n\n\n\n<h1 class=\"wp-block-heading\"><strong>2011<\/strong><\/h1>\n\n\n\n<p>Stolz pr\u00e4sentierten die Klassensprecher\/innnen ihre Auszeichnung:&nbsp;<strong>93% aller Sch\u00fclerinnen und Sch\u00fcler der Bodelschwinghschule haben 2011 das Sportabzeichen geschafft.<\/strong>&nbsp;Damit belegte die Grundschule den&nbsp;<strong>ersten Platz in M\u00fcnster und den 2. Platz auf Landesebene<\/strong>. Dies ist ein hervorragendes Ergebnis f\u00fcr die Bodelschwinghschule und verdeutlicht, dass das Konzept &#8222;<a href=\"http:\/\/www.bodelschwinghschule-muenster.de\/gesunde_schule\/bewegte_schule\">Gute gesunde Schule<\/a>&#8220; Erfolg zeigt.<\/p>\n\n\n\n<p>Die Sparkasse sponserte den Preis mit 600\u20ac und nun kommen noch einmal 800\u20ac vom Landessportbund dazu. Mit dem Geld werden nun weitere Aktivit\u00e4ten und Materialien f\u00fcr den sportlichen Bereich finanziert.<\/p>\n\n\n\n<div class=\"wp-block-image\"><figure class=\"aligncenter size-large\"><img loading=\"lazy\" decoding=\"async\" width=\"600\" height=\"450\" src=\"https:\/\/www.bodelschwingh-muenster.de\/wp-content\/uploads\/2021\/02\/bodelschwingh_sportabzeichen-1.jpg\" alt=\"\" class=\"wp-image-596\" srcset=\"https:\/\/www.bodelschwingh-muenster.de\/wp-content\/uploads\/2021\/02\/bodelschwingh_sportabzeichen-1.jpg 600w, https:\/\/www.bodelschwingh-muenster.de\/wp-content\/uploads\/2021\/02\/bodelschwingh_sportabzeichen-1-300x225.jpg 300w\" sizes=\"auto, (max-width: 600px) 100vw, 600px\" \/><\/figure><\/div>\n\n\n\n<p><\/p>\n","protected":false},"excerpt":{"rendered":"<p>2022 Platz beim Sportabzeichenwettbewerb 2022 Stellvertretend f\u00fcr alle Sch\u00fclerinnen und Sch\u00fcler der Bodelschwinghschule haben die Sch\u00fclersprecherin Marlene Adames und der Sch\u00fclersprecher Eric Neeb am 21.04.2022 den Pokal, einen Gutschein von 600,- Euro und eine Urkunde \u00fcberreicht bekommen. Insgesamt haben 86.9% &hellip; <\/p>\n","protected":false},"author":2,"featured_media":0,"parent":0,"menu_order":0,"comment_status":"closed","ping_status":"closed","template":"","meta":{"footnotes":""},"class_list":["post-592","page","type-page","status-publish","hentry"],"_links":{"self":[{"href":"https:\/\/www.bodelschwingh-muenster.de\/index.php?rest_route=\/wp\/v2\/pages\/592","targetHints":{"allow":["GET"]}}],"collection":[{"href":"https:\/\/www.bodelschwingh-muenster.de\/index.php?rest_route=\/wp\/v2\/pages"}],"about":[{"href":"https:\/\/www.bodelschwingh-muenster.de\/index.php?rest_route=\/wp\/v2\/types\/page"}],"author":[{"embeddable":true,"href":"https:\/\/www.bodelschwingh-muenster.de\/index.php?rest_route=\/wp\/v2\/users\/2"}],"replies":[{"embeddable":true,"href":"https:\/\/www.bodelschwingh-muenster.de\/index.php?rest_route=%2Fwp%2Fv2%2Fcomments&post=592"}],"version-history":[{"count":4,"href":"https:\/\/www.bodelschwingh-muenster.de\/index.php?rest_route=\/wp\/v2\/pages\/592\/revisions"}],"predecessor-version":[{"id":1517,"href":"https:\/\/www.bodelschwingh-muenster.de\/index.php?rest_route=\/wp\/v2\/pages\/592\/revisions\/1517"}],"wp:attachment":[{"href":"https:\/\/www.bodelschwingh-muenster.de\/index.php?rest_route=%2Fwp%2Fv2%2Fmedia&parent=592"}],"curies":[{"name":"wp","href":"https:\/\/api.w.org\/{rel}","templated":true}]}}