{"id":585,"date":"2021-02-19T20:08:43","date_gmt":"2021-02-19T19:08:43","guid":{"rendered":"https:\/\/www.bodelschwingh-muenster.de\/?page_id=585"},"modified":"2021-02-19T20:08:43","modified_gmt":"2021-02-19T19:08:43","slug":"schulentwicklungspreis-gute-gesunde-schule","status":"publish","type":"page","link":"https:\/\/www.bodelschwingh-muenster.de\/?page_id=585","title":{"rendered":"Schulentwicklungspreis &#8222;Gute gesunde Schule"},"content":{"rendered":"\n<h1 class=\"wp-block-heading\"><strong>2016<\/strong><\/h1>\n\n\n\n<figure class=\"wp-block-image size-large\"><img loading=\"lazy\" decoding=\"async\" width=\"600\" height=\"399\" src=\"https:\/\/www.bodelschwingh-muenster.de\/wp-content\/uploads\/2021\/02\/bodelschwinghschule_gutegesundeschule_2016.jpg\" alt=\"\" class=\"wp-image-587\" srcset=\"https:\/\/www.bodelschwingh-muenster.de\/wp-content\/uploads\/2021\/02\/bodelschwinghschule_gutegesundeschule_2016.jpg 600w, https:\/\/www.bodelschwingh-muenster.de\/wp-content\/uploads\/2021\/02\/bodelschwinghschule_gutegesundeschule_2016-300x200.jpg 300w\" sizes=\"auto, (max-width: 600px) 100vw, 600px\" \/><\/figure>\n\n\n\n<p>Die Bodelschwinghschule wurde als eine von 44 Schulen von der Unfallkasse Nordrhein-Westfalen mit dem Schulentwicklungspreis 2016 ausgezeichnet. In einem umfangreichen Bewerbungsverfahren haben wir den Nachweis erbracht, dass wir Gesundheitsf\u00f6rderung und Pr\u00e4vention erfolgreich in die Schulentwicklung integriert haben. Zitat aus dem Schreiben der UK, Dr. Gerrit Schnabel: &#8222;Wir haben sowohl in den eingereichten Unterlagen als auch beim Ortstermin eine Schule gesehen, die alle Prozesse und Aufgaben ganzheitlich sieht und den Entwicklungen angemessen Zeit gibt. Sichtbar wurde auch das positive und konstruktive Zusammenwirken von Schule, OGS und Elternschaft mit den Zielen, die Schule in Richtung auf eine gute gesunde Schule zu entwickeln und der Erf\u00fcllung ihres Bildungs- und Erziehungsauftrags vor allem dadurch ein besonderes Profil zu geben, dass die St\u00e4rkung des Selbstbewusstseins und der Verantwortung f\u00fcr sich selbst und f\u00fcr andere auf Seiten der Sch\u00fclerinnen und Sch\u00fcler zu den verbindlichen gemeinsamen p\u00e4dagogischen Zielen z\u00e4hlt.&#8220;<\/p>\n\n\n\n<hr class=\"wp-block-separator\"\/>\n\n\n\n<h1 class=\"wp-block-heading\"><strong>2013<\/strong><\/h1>\n\n\n\n<figure class=\"wp-block-image size-large\"><img loading=\"lazy\" decoding=\"async\" width=\"600\" height=\"399\" src=\"https:\/\/www.bodelschwingh-muenster.de\/wp-content\/uploads\/2021\/02\/bodelschwingh_schulentwicklungspreis-1.jpg\" alt=\"\" class=\"wp-image-588\" srcset=\"https:\/\/www.bodelschwingh-muenster.de\/wp-content\/uploads\/2021\/02\/bodelschwingh_schulentwicklungspreis-1.jpg 600w, https:\/\/www.bodelschwingh-muenster.de\/wp-content\/uploads\/2021\/02\/bodelschwingh_schulentwicklungspreis-1-300x200.jpg 300w\" sizes=\"auto, (max-width: 600px) 100vw, 600px\" \/><figcaption><em>V.l.n.r.: Maria Wessels,\u00a0Petra B\u00f6nisch\u00a0und\u00a0Sibylle Hartmann<\/em><\/figcaption><\/figure>\n\n\n\n<p><img decoding=\"async\" alt=\"\" src=\"http:\/\/www.bodelschwinghschule-muenster.de\/sites\/bodelschwinghschule.gefisys.net\/files\/images\/bodelschwingh_schulentwicklungspreis.jpg\"><br>Die Bodelschwinghschule wurde am Mittwoch, 18.9.2013 zum 2. Mal mit dem Schulentwicklungspreis\u00a0<a href=\"https:\/\/www.bodelschwingh-muenster.de\/?page_id=99\" data-type=\"page\" data-id=\"99\">Gute gesunde Schule<\/a>\u00a0ausgezeichnet. Die Unfallkasse Nordrhein-Westfalen pr\u00e4miert mit dem Schulentwicklungspreis Schulen, denen es besonders gut gelungen ist, Gesundheitsf\u00f6rderung und Pr\u00e4vention in die Entwicklung ihrer Qualit\u00e4t zu integrieren. Schulministerin Sylvia L\u00f6hrmann w\u00fcrdigt das Engagement der Schulen: \u201eDer Schulentwicklungspreis genie\u00dft hohe Anerkennung und Wertsch\u00e4tzung \u2013 auch \u00fcber die Grenzen Nordrhein-Westfalens hinaus. Die guten gesunden Schulen zeigen, wie Gesundheitsf\u00f6rderung und Pr\u00e4vention erfolgreich in den Schulalltag integriert werden k\u00f6nnen. Das schafft nicht nur ein gutes Schulklima, sondern f\u00f6rdert auch den Lernerfolg. Die guten gesunden Schulen sind Vorreiterschulen, die anderen Schulen Orientierung geben.&#8220;<\/p>\n\n\n\n<div class=\"wp-block-image\"><figure class=\"aligncenter size-large\"><img loading=\"lazy\" decoding=\"async\" width=\"400\" height=\"300\" src=\"https:\/\/www.bodelschwingh-muenster.de\/wp-content\/uploads\/2021\/02\/IMG_1582.png\" alt=\"\" class=\"wp-image-589\" srcset=\"https:\/\/www.bodelschwingh-muenster.de\/wp-content\/uploads\/2021\/02\/IMG_1582.png 400w, https:\/\/www.bodelschwingh-muenster.de\/wp-content\/uploads\/2021\/02\/IMG_1582-300x225.png 300w\" sizes=\"auto, (max-width: 400px) 100vw, 400px\" \/><\/figure><\/div>\n\n\n\n<p>Die Bodelschwinghschule erhielt eine Pr\u00e4mie in H\u00f6he von 6.910 Euro u. a f\u00fcr Erm\u00f6glichung kulturelle Teilhabe, gesundheitsf\u00f6rderliche Rhythmisierung des Lehr- Lernalltages und f\u00fcr die gelungene Verzahnung von Vormittagsunterricht und Nachmittagsangeboten. Maria Wessels, Sibylle Hartmann und Petra B\u00f6nisch fuhren nach Essen, um die Auszeichnung entgegen zu nehmen. Am Freitag, 20.9. durften sich dann alle M\u00e4dchen und Jungen der Schule mitfreuen. Jede Klasse erhielt einen neuen Klassenball und Gummitwist.<br>&nbsp;<\/p>\n\n\n\n<hr class=\"wp-block-separator\"\/>\n\n\n\n<h1 class=\"wp-block-heading\"><strong>2011<\/strong><\/h1>\n\n\n\n<div class=\"wp-block-image\"><figure class=\"aligncenter size-large\"><img loading=\"lazy\" decoding=\"async\" width=\"270\" height=\"216\" src=\"https:\/\/www.bodelschwingh-muenster.de\/wp-content\/uploads\/2021\/02\/preis.jpg\" alt=\"\" class=\"wp-image-590\"\/><\/figure><\/div>\n\n\n\n<p>Am 22.9. 2011 wurde der Schulentwicklungspreis&nbsp;<em>Gute gesunde Schule&nbsp;<\/em>im Rahmen einer Festveranstaltung in D\u00fcsseldorf \u00fcberreicht. Der Schulentwicklungspreis&nbsp;<em>Gute gesunde Schule<\/em>&nbsp;ist eine Initiative der Unfallkasse NRW. Er wird an Schulen vergeben, die Gesundheitsf\u00f6rderung und Pr\u00e4vention in die Entwicklung ihrer Qualit\u00e4t integrieren. Im Rahmen einer&nbsp; Schulfeier freuten sich die Jungen und M\u00e4dchen der Bodelschwinghschule gemeinsam mit Eltern und Lehrer\/innen \u00fcber die Auszeichnung.<\/p>\n\n\n\n<p>Nach einer kurzen erl\u00e4uternden Ansprache der Schulleiterin, Frau B\u00f6nisch, verdeutlichten auch die Darbietungen der Kinder das Konzept der Bodelschwinghschule, f\u00fcr das sie von der Unfallkasse NRW nun ausgezeichnet wurde.<\/p>\n\n\n\n<p>Die Klasse 3b trug gemeinsam das Gedicht &#8222;Wir&#8220; von I. Bender vor, danach&nbsp; wurden Lieder auf verschiedenen Sprachen gesungen und das Lernen mit Bewegung verbunden. Im Anschluss gab es f\u00fcr alle Klassen leckeres Obst. Gl\u00fcckliche und stolze Sch\u00fclerinnen und Sch\u00fcler kehrten in ihre Klassenr\u00e4ume zur\u00fcck und machten sich schon mal Gedanken, was die Schule mit dem Preisgeld anschaffen soll.<\/p>\n\n\n\n<p>Aus der Begr\u00fcndung f\u00fcr die Auszeichnung: &#8222;Gesundheit wird an der Bodelschwinghschule im Sinne einer gesunden Schule umfassend interpretiert und beinhaltet neben den klassischen Themenbereichen Ern\u00e4hrung und Bewegung auch Aspekte der psychischen Gesundheit.&#8220;<\/p>\n","protected":false},"excerpt":{"rendered":"<p>2016 Die Bodelschwinghschule wurde als eine von 44 Schulen von der Unfallkasse Nordrhein-Westfalen mit dem Schulentwicklungspreis 2016 ausgezeichnet. In einem umfangreichen Bewerbungsverfahren haben wir den Nachweis erbracht, dass wir Gesundheitsf\u00f6rderung und Pr\u00e4vention erfolgreich in die Schulentwicklung integriert haben. Zitat aus &hellip; <\/p>\n","protected":false},"author":2,"featured_media":0,"parent":0,"menu_order":0,"comment_status":"closed","ping_status":"closed","template":"","meta":{"footnotes":""},"class_list":["post-585","page","type-page","status-publish","hentry"],"_links":{"self":[{"href":"https:\/\/www.bodelschwingh-muenster.de\/index.php?rest_route=\/wp\/v2\/pages\/585","targetHints":{"allow":["GET"]}}],"collection":[{"href":"https:\/\/www.bodelschwingh-muenster.de\/index.php?rest_route=\/wp\/v2\/pages"}],"about":[{"href":"https:\/\/www.bodelschwingh-muenster.de\/index.php?rest_route=\/wp\/v2\/types\/page"}],"author":[{"embeddable":true,"href":"https:\/\/www.bodelschwingh-muenster.de\/index.php?rest_route=\/wp\/v2\/users\/2"}],"replies":[{"embeddable":true,"href":"https:\/\/www.bodelschwingh-muenster.de\/index.php?rest_route=%2Fwp%2Fv2%2Fcomments&post=585"}],"version-history":[{"count":1,"href":"https:\/\/www.bodelschwingh-muenster.de\/index.php?rest_route=\/wp\/v2\/pages\/585\/revisions"}],"predecessor-version":[{"id":591,"href":"https:\/\/www.bodelschwingh-muenster.de\/index.php?rest_route=\/wp\/v2\/pages\/585\/revisions\/591"}],"wp:attachment":[{"href":"https:\/\/www.bodelschwingh-muenster.de\/index.php?rest_route=%2Fwp%2Fv2%2Fmedia&parent=585"}],"curies":[{"name":"wp","href":"https:\/\/api.w.org\/{rel}","templated":true}]}}