{"id":546,"date":"2021-02-01T17:22:31","date_gmt":"2021-02-01T16:22:31","guid":{"rendered":"https:\/\/www.bodelschwingh-muenster.de\/?page_id=546"},"modified":"2026-02-07T12:07:17","modified_gmt":"2026-02-07T11:07:17","slug":"das-team","status":"publish","type":"page","link":"https:\/\/www.bodelschwingh-muenster.de\/?page_id=546","title":{"rendered":"Das Team"},"content":{"rendered":"\n<div class=\"wp-block-columns is-layout-flex wp-container-core-columns-is-layout-9d6595d7 wp-block-columns-is-layout-flex\">\n<div class=\"wp-block-column is-layout-flow wp-block-column-is-layout-flow\">\n<h2 class=\"wp-block-heading\">Kollegium<\/h2>\n<\/div>\n\n\n\n<div class=\"wp-block-column is-layout-flow wp-block-column-is-layout-flow\">\n<h2 class=\"wp-block-heading\">Team OGS<\/h2>\n<\/div>\n<\/div>\n\n\n\n<figure class=\"wp-block-image size-large is-style-default\"><img loading=\"lazy\" decoding=\"async\" width=\"1024\" height=\"768\" src=\"https:\/\/www.bodelschwingh-muenster.de\/wp-content\/uploads\/2025\/08\/IMG_2074-1-1024x768.jpg\" alt=\"\" class=\"wp-image-2988\" srcset=\"https:\/\/www.bodelschwingh-muenster.de\/wp-content\/uploads\/2025\/08\/IMG_2074-1-1024x768.jpg 1024w, https:\/\/www.bodelschwingh-muenster.de\/wp-content\/uploads\/2025\/08\/IMG_2074-1-300x225.jpg 300w, https:\/\/www.bodelschwingh-muenster.de\/wp-content\/uploads\/2025\/08\/IMG_2074-1-768x576.jpg 768w, https:\/\/www.bodelschwingh-muenster.de\/wp-content\/uploads\/2025\/08\/IMG_2074-1-1536x1152.jpg 1536w, https:\/\/www.bodelschwingh-muenster.de\/wp-content\/uploads\/2025\/08\/IMG_2074-1-2048x1536.jpg 2048w\" sizes=\"auto, (max-width: 1024px) 100vw, 1024px\" \/><\/figure>\n\n\n\n<div class=\"wp-block-columns is-layout-flex wp-container-core-columns-is-layout-9d6595d7 wp-block-columns-is-layout-flex\">\n<div class=\"wp-block-column is-layout-flow wp-block-column-is-layout-flow\" style=\"flex-basis:100%\">\n<div class=\"wp-block-columns is-layout-flex wp-container-core-columns-is-layout-9d6595d7 wp-block-columns-is-layout-flex\">\n<div class=\"wp-block-column is-layout-flow wp-block-column-is-layout-flow\">\n<ul class=\"wp-block-list\">\n<li>Martina Ventker (Schulleiterin)<\/li>\n\n\n\n<li>Stefanie Hirsch (stellv. Schulleiterin)<\/li>\n<\/ul>\n\n\n\n<ul class=\"wp-block-list\">\n<li>Heike Altgelt (Klasse 3a)<\/li>\n\n\n\n<li>Annette Bankett (Klasse 1a)<\/li>\n\n\n\n<li>Kerstin Bucher (Klasse 1b)<\/li>\n\n\n\n<li>Susanne Brinkmann (Mathematik\/Musik\/SU)<\/li>\n\n\n\n<li>Jannes Br\u00fcggenj\u00fcrgen (Lehramtsanw\u00e4rter)<\/li>\n\n\n\n<li>Kora Jacobsen (Lehramtsanw\u00e4rterin)<\/li>\n\n\n\n<li>Maren Go\u00dfling (Lehramtsanw\u00e4rterin)<\/li>\n\n\n\n<li>Sibylle Hartmann (Mathematik\/Kunst\/Sport)<\/li>\n\n\n\n<li>Stefanie Hirsch (Klasse 2a)<\/li>\n\n\n\n<li>Regina Huppertz (Mathematik\/Sport)<\/li>\n\n\n\n<li>Conny Jonas (Klasse 4a)<\/li>\n\n\n\n<li>Eva Michaeli (Klasse 2b)<\/li>\n\n\n\n<li>Sabine Schultz (Klasse 3b)<\/li>\n\n\n\n<li>Svenja Volkmann (Klasse 4b)<\/li>\n<\/ul>\n\n\n\n<p>Sarah Fink (Sonderp\u00e4dagogin)                                               <\/p>\n\n\n\n<p>Christiane L\u00fcttgen (Sprachf\u00f6rderung)<\/p>\n\n\n\n<p><\/p>\n<\/div>\n\n\n\n<div class=\"wp-block-column is-layout-flow wp-block-column-is-layout-flow\">\n<ul class=\"wp-block-list\">\n<li>Maurice J\u00fcrgens (OGS Koordinator)<\/li>\n<\/ul>\n\n\n\n<ul class=\"wp-block-list\">\n<li>Markus Bettermann (Gruppenleitung <strong>Blumengruppe<\/strong> 3b)<\/li>\n\n\n\n<li>Alina Becker (Gruppenleitung <strong>Sterngruppe <\/strong>3a)<\/li>\n\n\n\n<li>Katharina Duhme (Gruppenleitung <strong>Mondgruppe<\/strong> 2a &amp; AG-Planung)<\/li>\n\n\n\n<li>Jasmin Hornung (Gruppenleitung <strong>Sonnengruppe<\/strong> 1b und Henning Sieger U-Kraft)<\/li>\n\n\n\n<li>Max Kuhlmann (Gruppenleitung <strong>Oase<\/strong> und U-Kraft Tatyana Varlamova)<\/li>\n\n\n\n<li>Chiara M\u00fcllmann (Gruppenleitung <strong>Wolke<\/strong> 1a)<\/li>\n\n\n\n<li>Anke Sch\u00fcsler (Gruppenleitung <strong>Regenbogengruppe<\/strong> 2a\/2b &amp; Ferienbetreuung)<\/li>\n\n\n\n<li>Bundesfreiwilligendienst Sophia Nolte Regenbogengruppe<\/li>\n\n\n\n<li>Jahrespraktikantin Mia Spielbring Wolke<\/li>\n\n\n\n<li>Anerkennungsjahr Zuhal Bhadin Oase<\/li>\n<\/ul>\n\n\n\n<ul class=\"wp-block-list\">\n<li>Jasmin Hornung &#8211; Sozialarbeit<\/li>\n\n\n\n<li>Janina Fiene &#8211; Sozialp\u00e4dagogische Fachkraft in der Schuleingangsphase<\/li>\n<\/ul>\n<\/div>\n<\/div>\n<\/div>\n<\/div>\n\n\n\n<div style=\"height:54px\" aria-hidden=\"true\" class=\"wp-block-spacer\"><\/div>\n\n\n\n<h2 class=\"wp-block-heading has-large-font-size\">Zusammenarbeit im Team &#8211; Organigramm<\/h2>\n\n\n\n<div data-wp-interactive=\"core\/file\" class=\"wp-block-file\"><object data-wp-bind--hidden=\"!state.hasPdfPreview\" hidden class=\"wp-block-file__embed\" data=\"https:\/\/www.bodelschwingh-muenster.de\/wp-content\/uploads\/2024\/08\/Organigramm-BSS.pdf\" type=\"application\/pdf\" style=\"width:100%;height:600px\" aria-label=\"Einbettung von Organigramm-BSS.\"><\/object><a id=\"wp-block-file--media-59c4f2d5-924f-44d1-83dc-f8dfd6f0b8f0\" href=\"https:\/\/www.bodelschwingh-muenster.de\/wp-content\/uploads\/2024\/08\/Organigramm-BSS.pdf\">Organigramm-BSS<\/a><a href=\"https:\/\/www.bodelschwingh-muenster.de\/wp-content\/uploads\/2024\/08\/Organigramm-BSS.pdf\" class=\"wp-block-file__button wp-element-button\" download aria-describedby=\"wp-block-file--media-59c4f2d5-924f-44d1-83dc-f8dfd6f0b8f0\">Herunterladen<\/a><\/div>\n\n\n\n<div style=\"height:67px\" aria-hidden=\"true\" class=\"wp-block-spacer\"><\/div>\n\n\n\n<h2 class=\"wp-block-heading\">Multiprofessionelles Team &#8211; MPT<\/h2>\n\n\n\n<div data-wp-interactive=\"core\/file\" class=\"wp-block-file\"><object data-wp-bind--hidden=\"!state.hasPdfPreview\" hidden class=\"wp-block-file__embed\" data=\"https:\/\/www.bodelschwingh-muenster.de\/wp-content\/uploads\/2026\/02\/Leistungen-Schulsozialarbeit-Homepage-1.pdf\" type=\"application\/pdf\" style=\"width:100%;height:600px\" aria-label=\"Einbettung von Leistungen-Schulsozialarbeit-Homepage-1.\"><\/object><a id=\"wp-block-file--media-03a527df-b447-4bed-862d-bfa55ceeec28\" href=\"https:\/\/www.bodelschwingh-muenster.de\/wp-content\/uploads\/2026\/02\/Leistungen-Schulsozialarbeit-Homepage-1.pdf\">Leistungen-Schulsozialarbeit-Homepage-1<\/a><a href=\"https:\/\/www.bodelschwingh-muenster.de\/wp-content\/uploads\/2026\/02\/Leistungen-Schulsozialarbeit-Homepage-1.pdf\" class=\"wp-block-file__button wp-element-button\" download aria-describedby=\"wp-block-file--media-03a527df-b447-4bed-862d-bfa55ceeec28\">Download<\/a><\/div>\n","protected":false},"excerpt":{"rendered":"<p>Kollegium Team OGS Sarah Fink (Sonderp\u00e4dagogin) Christiane L\u00fcttgen (Sprachf\u00f6rderung) Zusammenarbeit im Team &#8211; Organigramm Multiprofessionelles Team &#8211; MPT<\/p>\n","protected":false},"author":2,"featured_media":0,"parent":0,"menu_order":0,"comment_status":"closed","ping_status":"closed","template":"","meta":{"footnotes":""},"class_list":["post-546","page","type-page","status-publish","hentry"],"_links":{"self":[{"href":"https:\/\/www.bodelschwingh-muenster.de\/index.php?rest_route=\/wp\/v2\/pages\/546","targetHints":{"allow":["GET"]}}],"collection":[{"href":"https:\/\/www.bodelschwingh-muenster.de\/index.php?rest_route=\/wp\/v2\/pages"}],"about":[{"href":"https:\/\/www.bodelschwingh-muenster.de\/index.php?rest_route=\/wp\/v2\/types\/page"}],"author":[{"embeddable":true,"href":"https:\/\/www.bodelschwingh-muenster.de\/index.php?rest_route=\/wp\/v2\/users\/2"}],"replies":[{"embeddable":true,"href":"https:\/\/www.bodelschwingh-muenster.de\/index.php?rest_route=%2Fwp%2Fv2%2Fcomments&post=546"}],"version-history":[{"count":39,"href":"https:\/\/www.bodelschwingh-muenster.de\/index.php?rest_route=\/wp\/v2\/pages\/546\/revisions"}],"predecessor-version":[{"id":3167,"href":"https:\/\/www.bodelschwingh-muenster.de\/index.php?rest_route=\/wp\/v2\/pages\/546\/revisions\/3167"}],"wp:attachment":[{"href":"https:\/\/www.bodelschwingh-muenster.de\/index.php?rest_route=%2Fwp%2Fv2%2Fmedia&parent=546"}],"curies":[{"name":"wp","href":"https:\/\/api.w.org\/{rel}","templated":true}]}}