{"id":1213,"date":"2021-12-23T12:17:54","date_gmt":"2021-12-23T11:17:54","guid":{"rendered":"https:\/\/www.bodelschwingh-muenster.de\/?page_id=1213"},"modified":"2024-10-11T09:33:09","modified_gmt":"2024-10-11T08:33:09","slug":"mitwirkung-von-kindern-eltern","status":"publish","type":"page","link":"https:\/\/www.bodelschwingh-muenster.de\/?page_id=1213","title":{"rendered":"Mitwirkung von Kindern &#038; Eltern"},"content":{"rendered":"\n<p class=\"has-vivid-red-color has-text-color has-large-font-size\">Kindermitwirkung 2024 an der Bodelschwinghschule<\/p>\n\n\n\n<p>Das Sch\u00fcler*innenparlement besteht aus den Klassensprecherinnen und Klassensprechern jeder Klasse. Wir treffen uns mit allen Kindern, Frau Hirsch oder Frau Ventker, Frau Golkowski (OGS) und Frau Hornung (Schulsozialarbeit) ca. einmal im Quartal f\u00fcr einen Austausch zwischen Kindern, Schulleitung und weiteren Mitarbeiterinnen. Die Kinder bringen eigene W\u00fcnsche und Vorschl\u00e4ge ein, die dort besprochen und geplant werden. <\/p>\n\n\n\n<figure class=\"wp-block-image size-large is-style-rounded\"><img loading=\"lazy\" decoding=\"async\" width=\"1024\" height=\"768\" src=\"https:\/\/www.bodelschwingh-muenster.de\/wp-content\/uploads\/2024\/10\/SuS-Parlament-1024x768.jpg\" alt=\"\" class=\"wp-image-2665\" srcset=\"https:\/\/www.bodelschwingh-muenster.de\/wp-content\/uploads\/2024\/10\/SuS-Parlament-1024x768.jpg 1024w, https:\/\/www.bodelschwingh-muenster.de\/wp-content\/uploads\/2024\/10\/SuS-Parlament-300x225.jpg 300w, https:\/\/www.bodelschwingh-muenster.de\/wp-content\/uploads\/2024\/10\/SuS-Parlament-768x576.jpg 768w, https:\/\/www.bodelschwingh-muenster.de\/wp-content\/uploads\/2024\/10\/SuS-Parlament-1536x1152.jpg 1536w, https:\/\/www.bodelschwingh-muenster.de\/wp-content\/uploads\/2024\/10\/SuS-Parlament-2048x1536.jpg 2048w\" sizes=\"auto, (max-width: 1024px) 100vw, 1024px\" \/><\/figure>\n\n\n\n<figure class=\"wp-block-table\"><table><tbody><tr><td>&nbsp;<\/td><td>Name der Klassensprecherin<\/td><td>Name des Klassensprechers<\/td><\/tr><tr><td>1a<\/td><td>Paula Beerlage<\/td><td>Theodor Watson<\/td><\/tr><tr><td>1b<\/td><td>Mina Wismann<\/td><td>Ole Rohrmann<\/td><\/tr><tr><td>2a<\/td><td>Lia Koops<\/td><td>Benedikt Schweizer<\/td><\/tr><tr><td>2b<\/td><td>Liesbeth B\u00fchring<\/td><td>Anton Kalter<\/td><\/tr><tr><td>3a<\/td><td>Great Tombrock<\/td><td>Sami Bambana<\/td><\/tr><tr><td>3b<\/td><td>Pauline Braun<\/td><td>Tom Kr\u00fccken<\/td><\/tr><tr><td>4a<\/td><td>Louisa Romano<\/td><td>Jusuf Kohlstedde<\/td><\/tr><tr><td>4b<\/td><td>Frieda Pfeifauf<\/td><td>Yanis Hammouda<\/td><\/tr><\/tbody><\/table><\/figure>\n\n\n<div class=\"wp-block-image is-style-rounded\">\n<figure class=\"aligncenter size-large is-resized\"><img loading=\"lazy\" decoding=\"async\" src=\"https:\/\/www.bodelschwingh-muenster.de\/wp-content\/uploads\/2024\/10\/SuS-Sprecher-768x1024.jpg\" alt=\"\" class=\"wp-image-2666\" width=\"384\" height=\"512\" srcset=\"https:\/\/www.bodelschwingh-muenster.de\/wp-content\/uploads\/2024\/10\/SuS-Sprecher-768x1024.jpg 768w, https:\/\/www.bodelschwingh-muenster.de\/wp-content\/uploads\/2024\/10\/SuS-Sprecher-225x300.jpg 225w, https:\/\/www.bodelschwingh-muenster.de\/wp-content\/uploads\/2024\/10\/SuS-Sprecher-1152x1536.jpg 1152w, https:\/\/www.bodelschwingh-muenster.de\/wp-content\/uploads\/2024\/10\/SuS-Sprecher-1536x2048.jpg 1536w, https:\/\/www.bodelschwingh-muenster.de\/wp-content\/uploads\/2024\/10\/SuS-Sprecher-scaled.jpg 1920w\" sizes=\"auto, (max-width: 384px) 100vw, 384px\" \/><figcaption class=\"wp-element-caption\"><strong>Unser Sch\u00fclersprecher: Yanis Hammouda und unsere Sch\u00fclersprecherin: Frieda Pfeifauf<\/strong><\/figcaption><\/figure>\n<\/div>\n\n\n<p>Die Klassenplfegschaften treffen sich zwei Mal im Jahr am Anfang eine Halbjahres. Am Anfang des Schuljahres werden dort die Vertreter*innen der Klassen gew\u00e4hlt. Diese treffen sich anschlie\u00dfend jeweils gemeinsam mit der Schulleitung und am Anfang des Jahres auch mit der OGS-Leitung zu einem Austausch und zu Planungen f\u00fcr die gemeinsame Weiterarbeit. In der Schulplfegschaft werden zu Beginn des Jahres auch die Vorsitzenden dieses Gremiums gew\u00e4hlt und noch weitere vier Vertreter*innen, die sich ebenfalls zwei mal im Jahr in der Schulkonferenz, zusammen mit sechs Lehrerinnen und der Schulleitung treffen. Die Schulkonferenz ist das wichtigste Entscheidungsgremium in der Schule. Hier werden Absprachen getroffen und die gemeinsame, zuk\u00fcnftige Entwicklung vereinbart. <\/p>\n\n\n\n<p class=\"has-vivid-cyan-blue-color has-text-color has-large-font-size\">Elternvertretung 2024 an der Bodelschwinghschule<\/p>\n\n\n<div class=\"wp-block-image is-style-rounded\">\n<figure class=\"aligncenter size-large is-resized\"><img loading=\"lazy\" decoding=\"async\" src=\"https:\/\/www.bodelschwingh-muenster.de\/wp-content\/uploads\/2024\/09\/Pflegschaftsvorsitzende-1024x768.jpg\" alt=\"\" class=\"wp-image-2638\" width=\"512\" height=\"384\" srcset=\"https:\/\/www.bodelschwingh-muenster.de\/wp-content\/uploads\/2024\/09\/Pflegschaftsvorsitzende-1024x768.jpg 1024w, https:\/\/www.bodelschwingh-muenster.de\/wp-content\/uploads\/2024\/09\/Pflegschaftsvorsitzende-300x225.jpg 300w, https:\/\/www.bodelschwingh-muenster.de\/wp-content\/uploads\/2024\/09\/Pflegschaftsvorsitzende-768x576.jpg 768w, https:\/\/www.bodelschwingh-muenster.de\/wp-content\/uploads\/2024\/09\/Pflegschaftsvorsitzende-1536x1152.jpg 1536w, https:\/\/www.bodelschwingh-muenster.de\/wp-content\/uploads\/2024\/09\/Pflegschaftsvorsitzende-2048x1536.jpg 2048w\" sizes=\"auto, (max-width: 512px) 100vw, 512px\" \/><figcaption class=\"wp-element-caption\"><strong>Unsere Pflegschaftsvorsitzenden: Herr Dirk Fehr und Herr Jakob Kleinen<\/strong><\/figcaption><\/figure>\n<\/div>\n\n\n<figure class=\"wp-block-image size-large is-style-rounded\"><img loading=\"lazy\" decoding=\"async\" width=\"1024\" height=\"768\" src=\"https:\/\/www.bodelschwingh-muenster.de\/wp-content\/uploads\/2024\/09\/Schulpflegschaft-2024-1024x768.jpg\" alt=\"\" class=\"wp-image-2640\" srcset=\"https:\/\/www.bodelschwingh-muenster.de\/wp-content\/uploads\/2024\/09\/Schulpflegschaft-2024-1024x768.jpg 1024w, https:\/\/www.bodelschwingh-muenster.de\/wp-content\/uploads\/2024\/09\/Schulpflegschaft-2024-300x225.jpg 300w, https:\/\/www.bodelschwingh-muenster.de\/wp-content\/uploads\/2024\/09\/Schulpflegschaft-2024-768x576.jpg 768w, https:\/\/www.bodelschwingh-muenster.de\/wp-content\/uploads\/2024\/09\/Schulpflegschaft-2024-1536x1152.jpg 1536w, https:\/\/www.bodelschwingh-muenster.de\/wp-content\/uploads\/2024\/09\/Schulpflegschaft-2024-2048x1536.jpg 2048w\" sizes=\"auto, (max-width: 1024px) 100vw, 1024px\" \/><\/figure>\n\n\n\n<p>Unsere Schulpfegschaft:                                                                                                                                       1. Reihe von links: Frau Anita Watson, Frau Anke Rosenblatt, Frau Klaudia Morbe, Frau Yvonne Radon, Frau Antra Hyllendho Massouema, Frau Jannike van L\u00fcck, Frau Laura Romano, Frau Stefanie Niemeyer                                                                                                                                           2. Reihe von links: Frau Sarah Schmidt, Frau Jana Leibold, Herr Jakob Kleinen, Herr Dirk Fehr, Prof. Dr. Rehbein, Herr Christian Hinsch, Herr Ken Richter<\/p>\n","protected":false},"excerpt":{"rendered":"<p>Kindermitwirkung 2024 an der Bodelschwinghschule Das Sch\u00fcler*innenparlement besteht aus den Klassensprecherinnen und Klassensprechern jeder Klasse. Wir treffen uns mit allen Kindern, Frau Hirsch oder Frau Ventker, Frau Golkowski (OGS) und Frau Hornung (Schulsozialarbeit) ca. einmal im Quartal f\u00fcr einen Austausch &hellip; <\/p>\n","protected":false},"author":2,"featured_media":0,"parent":0,"menu_order":0,"comment_status":"closed","ping_status":"closed","template":"","meta":{"footnotes":""},"class_list":["post-1213","page","type-page","status-publish","hentry"],"_links":{"self":[{"href":"https:\/\/www.bodelschwingh-muenster.de\/index.php?rest_route=\/wp\/v2\/pages\/1213","targetHints":{"allow":["GET"]}}],"collection":[{"href":"https:\/\/www.bodelschwingh-muenster.de\/index.php?rest_route=\/wp\/v2\/pages"}],"about":[{"href":"https:\/\/www.bodelschwingh-muenster.de\/index.php?rest_route=\/wp\/v2\/types\/page"}],"author":[{"embeddable":true,"href":"https:\/\/www.bodelschwingh-muenster.de\/index.php?rest_route=\/wp\/v2\/users\/2"}],"replies":[{"embeddable":true,"href":"https:\/\/www.bodelschwingh-muenster.de\/index.php?rest_route=%2Fwp%2Fv2%2Fcomments&post=1213"}],"version-history":[{"count":18,"href":"https:\/\/www.bodelschwingh-muenster.de\/index.php?rest_route=\/wp\/v2\/pages\/1213\/revisions"}],"predecessor-version":[{"id":2668,"href":"https:\/\/www.bodelschwingh-muenster.de\/index.php?rest_route=\/wp\/v2\/pages\/1213\/revisions\/2668"}],"wp:attachment":[{"href":"https:\/\/www.bodelschwingh-muenster.de\/index.php?rest_route=%2Fwp%2Fv2%2Fmedia&parent=1213"}],"curies":[{"name":"wp","href":"https:\/\/api.w.org\/{rel}","templated":true}]}}